{"id":2299,"date":"2024-06-04T17:05:34","date_gmt":"2024-06-04T15:05:34","guid":{"rendered":"https:\/\/devw.isska.ch\/?page_id=2299"},"modified":"2025-01-28T16:08:57","modified_gmt":"2025-01-28T15:08:57","slug":"development","status":"publish","type":"page","link":"https:\/\/devw.isska.ch\/en\/services\/development\/","title":{"rendered":"De\u00adve\u00adlop\u00adment"},"content":{"rendered":"<ul>\n<li>\n        <a href=\"https:\/\/devw.isska.ch\/en\/who-we-are\/\">About us<\/a>\n    <\/li>\n<li>\n        <a href=\"https:\/\/devw.isska.ch\/en\/skills\/\">Com\u00adpe\u00adtences<\/a>\n    <\/li>\n<li>\n        <a href=\"https:\/\/devw.isska.ch\/en\/services\/\">Ser\u00advices<\/a>\n    <\/li>\n<\/ul>\n<h1>Development<\/h1>\n<ul>\n<li>\n<h3>Instrumentation<\/h3>\n<div>\n<p>Sen\u00adsors for tem\u00adpe\u00adra\u00adture, pres\u00adsure, CO2, air ve\u00adlo\u00adci\u00adty and so\u00adme\u00adtimes other pa\u00adra\u00adme\u00adters (e.g. ra\u00addon) are nee\u00added to un\u00adders\u00adtand the un\u00adder\u00adground cli\u00admate and va\u00adria\u00adtions in wa\u00adter le\u00advels.<\/p>\n<p>Most ins\u00adtru\u00adments on the mar\u00adket per\u00adform poor\u00adly in this de\u00adman\u00adding en\u00advi\u00adron\u00adment (ve\u00adry high hu\u00admi\u00addi\u00adty, aqua\u00adtic and\/or mud\u00addy condi\u00adtions, lack of elec\u00adtri\u00adci\u00adty, etc.). The SISKA de\u00adve\u00adlops and tests its ins\u00adtru\u00adments in the field and de\u00adve\u00adlops so\u00adlu\u00adtions adap\u00adted to each case of stu\u00addy.<\/p>\n<\/div>\n<\/li>\n<li>\n<h3>Applied methods and tools<\/h3>\n<div>\n<p>The SISKA de\u00adve\u00adlops and pro\u00adposes spe\u00adci\u00adfic me\u00adthods for cha\u00adrac\u00adte\u00adri\u00adsing and ma\u00adna\u00adging the kars\u00adtic en\u00advi\u00adron\u00adment.<\/p>\n<h6>Water resources<\/h6>\n<p>Un\u00adders\u00adtan\u00adding karst ground\u00adwa\u00adter re\u00adquires a 3D as\u00adsess\u00adment of the geo\u00adlo\u00adgy. <a href=\"https:\/\/devw.isska.ch\/pdf\/Fr\/Rd\/ISSKA_Brochure_KARSYS_FR.pdf\" data-wplink-url-error=\"true\" target=\"_blank\" rel=\"noopener\"><u>KARSYS<\/u><\/a> is a de\u00adduc\u00adtive ap\u00adproach ba\u00adsed on the geo\u00adlo\u00adgy of a site and the hy\u00addrau\u00adlic prin\u00adciples go\u00adver\u00adning kars\u00adti\u00adfi\u00adca\u00adtion. Once a site is de\u00adfi\u00adned, SISKA de\u00adploys a 4 step ap\u00adproach: (i) iden\u00adti\u00adfying the kars\u00adtic pro\u00adper\u00adties of the aqui\u00adfers, (ii) es\u00adta\u00adbli\u00adshing a 3D geo\u00adlo\u00adgi\u00adcal mo\u00addel of aqui\u00adfer units, (iii) ge\u00adne\u00adra\u00adting a 3D hy\u00addro\u00adgeo\u00adlo\u00adgi\u00adcal mo\u00addel through in\u00adte\u00adgra\u00adtion of hy\u00addro\u00adlo\u00adgi\u00adcal da\u00adta and (iv) iden\u00adti\u00adfi\u00adca\u00adtion and de\u00adli\u00admi\u00adta\u00adtion of flow sys\u00adtems.<br> This re\u00adsults in:<\/p>\n<ul>\n<li>the de\u00adli\u00admi\u00adta\u00adtion of spring ba\u00adsins;<\/li>\n<li>the vo\u00adlu\u00adme\u00adtric as\u00adsess\u00adment of ground\u00adwa\u00adter re\u00adsources;<\/li>\n<li>a mo\u00addel of un\u00adder\u00adground wa\u00adter flow paths.<\/li>\n<\/ul>\n<p>The func\u00adtio\u00adna\u00adli\u00adty of <a href=\"https:\/\/www.visualkarsys.com\/\" data-wplink-url-error=\"true\" target=\"_blank\" rel=\"noopener\"><u>Vi\u00adsual\u00adKAR\u00adSYS,<\/u><\/a>the on\u00adline ser\u00advice for buil\u00adding and vie\u00adwing KARSYS mo\u00addels, is constant\u00adly being im\u00adpro\u00adved.<\/p>\n<p>Recent de\u00adve\u00adlop\u00adments al\u00adso aim to in\u00adte\u00adgrate the re\u00adsults of KARSYS in\u00adto the da\u00adta mo\u00addel de\u00adfi\u00adned by the Confe\u00adde\u00adra\u00adtion.<\/p>\n<p class=\"translation-block\">SISKA de\u00adve\u00adlops and ap\u00adplies Karst\u00adMOD (hy\u00addro\u00adlo\u00adgi\u00adcal and hy\u00addrau\u00adlic mo\u00addels) to <strong>si\u00admu\u00adlate ground\u00adwa\u00adter dy\u00adna\u00admics<\/strong> and thus as\u00adsess re\u00adcharge (ef\u00adfec\u00adtive in\u00adfil\u00adtra\u00adtion), sto\u00adrage, and di\u00adscharge from one or more out\u00adlets.<\/p>\n<h6>Water protection<\/h6>\n<p>At the re\u00adquest of the Fe\u00adde\u00adral Of\u00adfice for the En\u00advi\u00adron\u00adment (FOEN), SISKA has fi\u00adni\u00adshed up\u00adda\u00adting the EPIK me\u00adthod for as\u00adses\u00adsing the vul\u00adne\u00adra\u00adbi\u00adli\u00adty of wa\u00adter catch\u00adments to pol\u00adlu\u00adtion. The pro\u00adcess in\u00adcludes the de\u00adve\u00adlop\u00adment of pro\u00adto\u00adcols for map\u00adping soil thi\u00adck\u00adness and wa\u00adter in\u00adfil\u00adtra\u00adtion in karst (karst map).<\/p>\n<h6>Instabilities<\/h6>\n<p><a href=\"https:\/\/devw.isska.ch\/pdf\/Fr\/Competences\/ISSKA_Brochure_KarstALEA_FR.pdf\" data-wplink-url-error=\"true\" target=\"_blank\" rel=\"noopener\"><u>Kars\u00adtA\u00adLEA<\/u><\/a> pro\u00advides geo\u00adlo\u00adgists with a prac\u00adti\u00adcal me\u00adthod for as\u00adses\u00adsing kars\u00adti\u00adfi\u00adca\u00adtion. While ini\u00adtial\u00adly de\u00adve\u00adlo\u00adped for tun\u00adne\u00adling, it has been ex\u00adten\u00added to pre\u00addict in\u00adsta\u00adbi\u00adli\u00adties and col\u00adlapses. The me\u00adthod conti\u00adnues to evolve with each new ap\u00adpli\u00adca\u00adtion. <\/p>\n<p><a href=\"https:\/\/devw.isska.ch\/pdf\/De\/Kompetenzen\/KarstALEA.pdf\" data-wplink-url-error=\"true\" target=\"_blank\" rel=\"noopener\">Kars\u00adtA\u00adLEA: Prac\u00adti\u00adcal ins\u00adtruc\u00adtions to down\u00adload<\/a> &nbsp;<\/p>\n<\/div>\n<\/li>\n<\/ul>\n<p><!--more--><br>\n<!-- {\"type\":\"layout\",\"children\":[{\"type\":\"section\",\"props\":{\"css\":\"@media (max-width:759px) {\\n  .el-section {\\n      height: 370px;\\n    }\\n}\\n@media (min-width:760px) {\\n    .el-section {\\n        height: 275px;\\n    }\\n}\\n@media (min-width:1200px) {\\n    .el-section {\\n        height: 340px;\\n    }\\n}\\n@media (min-width:1600px) {\\n    .el-section {\\n        height: 580px;\\n    }\\n}\\n@media (min-width:1600px) and (max-height:1100px) {\\n    .el-section {\\n        height: 460px;\\n    }\\n}\",\"image\":\"wp-content\\\/uploads\\\/2024\\\/01\\\/CreteVaas_2023_RW_5-scaled.jpg\",\"image_position\":\"center-center\",\"image_size\":\"cover\",\"padding\":\"large\",\"style\":\"default\",\"title_breakpoint\":\"xl\",\"title_position\":\"top-left\",\"title_rotation\":\"left\",\"vertical_align\":\"middle\",\"width\":\"default\"},\"children\":[{\"type\":\"row\",\"children\":[{\"type\":\"column\",\"props\":{\"image_position\":\"center-center\",\"position_sticky_breakpoint\":\"m\"},\"children\":[{\"type\":\"button\",\"props\":{\"css\":\".el-content {\\n    font-family: \\\"Century Gothic\\\", Verdana, sans-serif;\\n    }\\n@media (max-width:759px) {\\n  .el-content {\\n    margin: 10px 50px; \\n    width: 250px;\\n    position: relative;\\n    top: 180px;\\n  }\\n}\\n@media (min-width:760px) {\\n  .el-content {\\n    margin: 10px 6px; \\n    width: 217px;\\n    position: relative;\\n    top: 104px;\\n  }\\n}\\n@media (min-width:1200px) {\\n  .el-content {\\n    width: 260px;\\n    margin: 0px 40px;\\n    position: relative;\\n    top: 165px;\\n  }\\n}\\n@media (min-width:1600px) {\\n  .el-content {\\n    margin-top: 250px;\\n }\\n} \\n@media (min-width:1600px) and (max-height:1100px) {\\n  .el-content {\\n    margin-top: 130px;\\n }\\n} \",\"fullwidth\":false,\"grid_column_gap\":\"collapse\",\"grid_row_gap\":\"small\",\"margin\":\"default\",\"position_bottom\":\"-93\",\"position_z_index\":\"2\",\"text_align\":\"center\"},\"children\":[{\"type\":\"button_item\",\"props\":{\"button_style\":\"primary\",\"content\":\"Qui sommes nous\",\"icon_align\":\"left\",\"link\":\"https:\\\/\\\/devw.isska.ch\\\/qui-sommes-nous\"}},{\"type\":\"button_item\",\"props\":{\"button_style\":\"primary\",\"content\":\"Comp\\u00e9tences\",\"icon_align\":\"left\",\"link\":\"https:\\\/\\\/devw.isska.ch\\\/competences\\\/\"}},{\"type\":\"button_item\",\"props\":{\"button_style\":\"primary\",\"content\":\"Prestations\",\"icon_align\":\"left\",\"link\":\"https:\\\/\\\/devw.isska.ch\\\/prestations\\\/\"}}]}]}]}],\"name\":\"Header\"},{\"type\":\"section\",\"props\":{\"css\":\"@media (max-width: 759px) {\\n    .el-row {\\n        padding-top: 135px;\\n    }\\n}\\n@media (max-width: 759px) and (orientation:landscape) {\\n    .el-row {\\n        padding-top: 140px;\\n    }\\n}\\n.el-section {\\n    font-family: 'Century Gothic', Verdana, sans-serif;\\n}\",\"image_position\":\"center-center\",\"style\":\"default\",\"title_breakpoint\":\"xl\",\"title_position\":\"top-left\",\"title_rotation\":\"left\",\"vertical_align\":\"middle\",\"width\":\"default\"},\"children\":[{\"type\":\"row\",\"children\":[{\"type\":\"column\",\"props\":{\"image_position\":\"center-center\",\"position_sticky_breakpoint\":\"m\"},\"children\":[{\"type\":\"breadcrumbs\",\"props\":{\"show_current\":true,\"show_home\":true,\"visibility\":\"s\"},\"name\":\"Breadcrumbs\"},{\"type\":\"headline\",\"props\":{\"content\":\"D\\u00e9veloppement\",\"title_element\":\"h1\"},\"name\":\"Titre\"},{\"type\":\"accordion\",\"props\":{\"collapsible\":true,\"content_column_breakpoint\":\"m\",\"image_align\":\"top\",\"image_grid_breakpoint\":\"m\",\"image_grid_width\":\"1-2\",\"image_svg_color\":\"emphasis\",\"link_style\":\"default\",\"link_text\":\"Read more\",\"show_image\":true,\"show_link\":true},\"children\":[{\"type\":\"accordion_item\",\"props\":{\"content\":\"\n\n<p>Des capteurs de temp\\u00e9rature, de pression, de CO2, de vitesse de courant d'air et parfois d'autres param\\u00e8tre (p.ex. le radon) sont n\\u00e9cessaires pour comprendre le climat souterrain et les variations des niveaux d'eau.<\\\/p>\\n\n\n<p>La plupart des instruments du march\\u00e9 fonctionnent mal dans cet environnement exigeant (humidit\\u00e9 tr\\u00e8s \\u00e9lev\\u00e9e, conditions aquatiques et\\\/ou boueuses, absence d'\\u00e9lectricit\\u00e9, etc). L\\u2019ISSKA d\\u00e9veloppe et teste ses instruments sur le terrain et d\\u00e9veloppe des solutions adapt\\u00e9es \\u00e0 chaque cas d\\u2019\\u00e9tude.<\\\/p>\",\"title\":\"Instrumentation\"}},{\"type\":\"accordion_item\",\"props\":{\"content\":\"\n\n<p>L\\u2019ISSKA d\\u00e9veloppe et propose des m\\u00e9thodes sp\\u00e9cifiques pour caract\\u00e9riser et g\\u00e9rer le milieu karstique.<\\\/p>\\n\n\n<h6>Ressources en eau<\\\/h6>\\n\n\n<p>Les eaux souterraines karstiques requierent une \\u00e9valuation de la g\\u00e9ologie en 3D. <a href=\\\"https:\\\/\\\/devw.isska.ch\\\/pdf\\\/Fr\\\/Rd\\\/ISSKA_Brochure_KARSYS_FR.pdf\\\" data-wplink-url-error=\\\"true\\\" target=\\\"_blank\\\" rel=\\\"noopener\\\"><u>KARSYS<\\\/u><\\\/a> est une approche d\\u00e9ductive bas\\u00e9e sur la g\\u00e9ologie du site et sur des principes hydrauliques gouvernant la karstification. Sur un site d\\u00e9fini, l\\u2019approche se d\\u00e9ploie en 4 \\u00e9tapes : (i) identification des propri\\u00e9t\\u00e9s karstiques des aquif\\u00e8res, (ii) \\u00e9tablissement d\\u2019un mod\\u00e8le g\\u00e9ologique 3D des unit\\u00e9s aquif\\u00e8res, (iii) \\u00e9tablissement d\\u2019un mod\\u00e8le hydrog\\u00e9ologique 3D des aquif\\u00e8res par int\\u00e9gration des donn\\u00e9es hydrologiques et (iv) identification et d\\u00e9limitation des syst\\u00e8mes d\\u2019\\u00e9coulement.<br \/> Elle abouti :<\\\/p>\\n\n\n<ul>\\n\n\n<li>\\u00e0 la d\\u00e9limitation des bassins des sources;<\\\/li>\\n\n\n<li>\\u00e0 l'\\u00e9valuation du volume de la r\\u00e9serve d'eau souterraine;<\\\/li>\\n\n\n<li>\\u00e0 une esquisse du cheminement de l'eau sous terre.<\\\/li>\\n<\\\/ul>\\n\n\n<p>Les fonctionnalit\\u00e9s de <a href=\\\"https:\\\/\\\/www.visualkarsys.com\\\/\\\" data-wplink-url-error=\\\"true\\\" target=\\\"_blank\\\" rel=\\\"noopener\\\"><u>VisualKARSYS<\\\/u><\\\/a>, service en ligne permettant de construire et visualiser les mod\\u00e8les KARSYS, sont constamment am\\u00e9lior\\u00e9es.<\\\/p>\\n\n\n<p>Les d\\u00e9veloppements r\\u00e9cents visent \\u00e9galement \\u00e0 int\\u00e9grer les r\\u00e9sultats de KARSYS dans le mod\\u00e8le de donn\\u00e9es d\\u00e9fini par la Conf\\u00e9d\\u00e9ration.<\\\/p>\\n\n\n<p>L\\u2019ISSKA d\\u00e9veloppe et applique KarstMOD (mod\\u00e8les hydrologiques et hydrauliques) pour <strong>simuler la dynamique des eaux souterraines<\\\/strong> et ainsi \\u00e9valuer la recharge (infiltration efficace), le stockage,\\u00a0et le d\\u00e9bit d\\u2019un ou de plusieurs exutoire(s) en particulier.<\\\/p>\\n\n\n<h6>Protection des eaux<\\\/h6>\\n\n\n<p>Sur demande de l'Office f\\u00e9d\\u00e9ral de l'environnement (OFEV), l'ISSKA a termin\\u00e9 la mise \\u00e0 jour de la m\\u00e9thode EPIK pour l'\\u00e9valuation de la vulnerabilit\\u00e9 des captages aux pollutions. Le processus inclut le d\\u00e9veloppement de routines pour cartographier l'\\u00e9paisseur des sols et l'infiltration des eaux dans le karst (carte du karst).<\\\/p>\\n\n\n<h6>Instabilit\\u00e9s<\\\/h6>\\n\n\n<p><a href=\\\"https:\\\/\\\/devw.isska.ch\\\/pdf\\\/Fr\\\/Competences\\\/ISSKA_Brochure_KarstALEA_FR.pdf\\\" data-wplink-url-error=\\\"true\\\" target=\\\"_blank\\\" rel=\\\"noopener\\\"><u>KarstALEA<\\\/u><\\\/a> fournit aux g\\u00e9ologues une m\\u00e9thode pratique pour \\u00e9valuer la karstification. Developp\\u00e9e pour le percement de tunnel, elle a \\u00e9t\\u00e9 \\u00e9tendue \\u00e0 la pr\\u00e9vision des instabilit\\u00e9s et effondrements. La m\\u00e9thode \\u00e9volue encore au fil des applications. <\\\/p>\\n\n\n<p><a href=\\\"https:\\\/\\\/devw.isska.ch\\\/pdf\\\/De\\\/Kompetenzen\\\/KarstALEA.pdf\\\" data-wplink-url-error=\\\"true\\\" target=\\\"_blank\\\" rel=\\\"noopener\\\">KarstALEA: Instructions pratiques \\u00e0 t\\u00e9l\\u00e9charger<\\\/a> \\u00a0<\\\/p>\\n\",\"title\":\"M\\u00e9thodes et outils appliqu\\u00e9s\"}}]}]}]}],\"name\":\"Breadcrumbs_Title_Text_Sub\"}],\"version\":\"4.3.5\"} --><\/p>","protected":false},"excerpt":{"rendered":"<p>Qui sommes nous Com\u00adp\u00e9\u00adtences Pres\u00adta\u00adtions D\u00e9\u00adve\u00adlop\u00adpe\u00adment Ins\u00adtru\u00admen\u00adta\u00adtion Des cap\u00adteurs de tem\u00adp\u00e9\u00adra\u00adture, de pres\u00adsion, de CO2, de vi\u00adtesse de cou\u00adrant d\u2019air et par\u00adfois d\u2019autres pa\u00adra\u00adm\u00e8tre (p.ex. le ra\u00addon) sont n\u00e9\u00adces\u00adsaires pour com\u00adprendre le cli\u00admat sou\u00adter\u00adrain et les va\u00adria\u00adtions des ni\u00adveaux d\u2019eau. La plu\u00adpart des ins\u00adtru\u00adments du mar\u00adch\u00e9 fonc\u00adtionnent mal dans cet en\u00advi\u00adron\u00adne\u00adment exi\u00adgeant (hu\u00admi\u00addi\u00adt\u00e9 tr\u00e8s \u00e9le\u00adv\u00e9e, [\u2026]<\/p>","protected":false},"author":1,"featured_media":0,"parent":186,"menu_order":1,"comment_status":"closed","ping_status":"closed","template":"","meta":{"wp_typography_post_enhancements_disabled":false,"footnotes":""},"categories":[],"tags":[],"class_list":["post-2299","page","type-page","status-publish","hentry"],"_links":{"self":[{"href":"https:\/\/devw.isska.ch\/en\/wp-json\/wp\/v2\/pages\/2299","targetHints":{"allow":["GET"]}}],"collection":[{"href":"https:\/\/devw.isska.ch\/en\/wp-json\/wp\/v2\/pages"}],"about":[{"href":"https:\/\/devw.isska.ch\/en\/wp-json\/wp\/v2\/types\/page"}],"author":[{"embeddable":true,"href":"https:\/\/devw.isska.ch\/en\/wp-json\/wp\/v2\/users\/1"}],"replies":[{"embeddable":true,"href":"https:\/\/devw.isska.ch\/en\/wp-json\/wp\/v2\/comments?post=2299"}],"version-history":[{"count":46,"href":"https:\/\/devw.isska.ch\/en\/wp-json\/wp\/v2\/pages\/2299\/revisions"}],"predecessor-version":[{"id":2966,"href":"https:\/\/devw.isska.ch\/en\/wp-json\/wp\/v2\/pages\/2299\/revisions\/2966"}],"up":[{"embeddable":true,"href":"https:\/\/devw.isska.ch\/en\/wp-json\/wp\/v2\/pages\/186"}],"wp:attachment":[{"href":"https:\/\/devw.isska.ch\/en\/wp-json\/wp\/v2\/media?parent=2299"}],"wp:term":[{"taxonomy":"category","embeddable":true,"href":"https:\/\/devw.isska.ch\/en\/wp-json\/wp\/v2\/categories?post=2299"},{"taxonomy":"post_tag","embeddable":true,"href":"https:\/\/devw.isska.ch\/en\/wp-json\/wp\/v2\/tags?post=2299"}],"curies":[{"name":"wp","href":"https:\/\/api.w.org\/{rel}","templated":true}]}}