{"id":2301,"date":"2024-06-04T17:06:33","date_gmt":"2024-06-04T15:06:33","guid":{"rendered":"https:\/\/devw.isska.ch\/?page_id=2301"},"modified":"2025-01-30T14:19:17","modified_gmt":"2025-01-30T13:19:17","slug":"enseignement","status":"publish","type":"page","link":"https:\/\/devw.isska.ch\/fr\/prestations\/enseignement\/","title":{"rendered":"Enseignement"},"content":{"rendered":"<ul>\n<li>\n        <a href=\"https:\/\/devw.isska.ch\/qui-sommes-nous\">Qui sommes nous<\/a>\n    <\/li>\n<li>\n        <a href=\"https:\/\/devw.isska.ch\/competences\/\">Com\u00adp\u00e9\u00adtences<\/a>\n    <\/li>\n<li>\n        <a href=\"https:\/\/devw.isska.ch\/prestations\/\">Pres\u00adta\u00adtions<\/a>\n    <\/li>\n<\/ul>\n<h1>Enseignement<\/h1>\n<ul>\n<li>\n<h3>Cours, conf\u00e9rences et ateliers<\/h3>\n<div>\n<p><img loading=\"lazy\" decoding=\"async\" src=\"https:\/\/devw.isska.ch\/wp-content\/uploads\/2024\/03\/COMP_ENS_IMG_6237-300x225.jpg\" alt width=\"300\" height=\"225\" class=\"size-medium wp-image-1283 alignleft\" srcset=\"https:\/\/devw.isska.ch\/wp-content\/uploads\/2024\/03\/COMP_ENS_IMG_6237-300x225.jpg 300w, https:\/\/devw.isska.ch\/wp-content\/uploads\/2024\/03\/COMP_ENS_IMG_6237-1024x768.jpg 1024w, https:\/\/devw.isska.ch\/wp-content\/uploads\/2024\/03\/COMP_ENS_IMG_6237-768x576.jpg 768w, https:\/\/devw.isska.ch\/wp-content\/uploads\/2024\/03\/COMP_ENS_IMG_6237-1536x1152.jpg 1536w, https:\/\/devw.isska.ch\/wp-content\/uploads\/2024\/03\/COMP_ENS_IMG_6237-2048x1536.jpg 2048w, https:\/\/devw.isska.ch\/wp-content\/uploads\/2024\/03\/COMP_ENS_IMG_6237-16x12.jpg 16w\" sizes=\"auto, (max-width: 300px) 100vw, 300px\"><\/p>\n<p>Les sp\u00e9\u00adcia\u00adlistes de l\u2019ISSKA donnent des cours et conf\u00e9\u00adrences \u00e0 l\u2019intention du pu\u00adblic et des \u00e9coles (in\u00adtro\u00adduc\u00adtion au karst et \u00e0 la sp\u00e9\u00adl\u00e9o\u00adlo\u00adgie). D\u2019autres cours, sur des th\u00e8mes sp\u00e9\u00adci\u00adfiques, sont don\u00adn\u00e9s \u00e0 des pro\u00adfes\u00adsion\u00adnels (bu\u00adreaux et ad\u00admi\u00adnis\u00adtra\u00adtions) et au ni\u00adveau uni\u00adver\u00adsi\u00adtaire.<\/p>\n<p>L\u2019Institut met \u00e9ga\u00adle\u00adment \u00e0 dis\u00adpo\u00adsi\u00adtion du ma\u00adt\u00e9\u00adriel di\u00addac\u00adtique (pu\u00adbli\u00adca\u00adtions, vi\u00add\u00e9os, va\u00adlise) sur les th\u00e8mes de l\u2019eau, du karst et des grottes.<\/p>\n\n<\/div>\n<\/li>\n<li>\n<h3>Excursions<\/h3>\n<div>\n<p><img loading=\"lazy\" decoding=\"async\" src=\"https:\/\/devw.isska.ch\/wp-content\/uploads\/2024\/03\/COMP_ENS_excursion_locle-300x200.jpg?ver=1717069532\" alt width=\"300\" height=\"200\" class=\"alignleft wp-image-1282 size-medium\" srcset=\"https:\/\/devw.isska.ch\/wp-content\/uploads\/2024\/03\/COMP_ENS_excursion_locle-300x200.jpg 300w, https:\/\/devw.isska.ch\/wp-content\/uploads\/2024\/03\/COMP_ENS_excursion_locle-768x512.jpg 768w, https:\/\/devw.isska.ch\/wp-content\/uploads\/2024\/03\/COMP_ENS_excursion_locle-18x12.jpg 18w, https:\/\/devw.isska.ch\/wp-content\/uploads\/2024\/03\/COMP_ENS_excursion_locle.jpg 960w\" sizes=\"auto, (max-width: 300px) 100vw, 300px\"><\/p>\n<p>L\u2019ISSKA or\u00adga\u00adnise des ex\u00adcur\u00adsions th\u00e9\u00adma\u00adtiques ex\u00adpli\u00adquant l\u2019\u00e9volution du pay\u00adsage, les \u00e9cou\u00adle\u00adments sou\u00adter\u00adrains, la g\u00e9o\u00adlo\u00adgie et les bio\u00adtopes kars\u00adtiques. Dans le cadre de ces ex\u00adcur\u00adsions, la vi\u00adsite d\u2019une grotte, ob\u00adjet sen\u00adsible, est en\u00advi\u00adsa\u00adgeable par pe\u00adtits groupes. Cer\u00adtaines ex\u00adcur\u00adsions sont or\u00adga\u00adni\u00ads\u00e9es r\u00e9\u00adgu\u00adli\u00e8\u00adre\u00adment, d\u2019autres ponc\u00adtuel\u00adle\u00adment. <\/p>\n<p>A la de\u00admande, nous pou\u00advons mettre sur pied des ex\u00adcur\u00adsions se\u00adlon vos en\u00advies. N\u2019h\u00e9sitez pas \u00e0 <a href=\"mailto:info@isska.ch\">nous contac\u00adter<\/a>!<\/p>\n<p>Quelques exemples d\u2019excursions :<\/p>\n<ul>\n<li>Les eaux sou\u00adter\u00adraines de La Chaux-de-Fonds,<\/li>\n<li>les pay\u00adsages kars\u00adtiques du Ju\u00adra vau\u00addois,<\/li>\n<li>les Gorges de l\u2019Areuses,<\/li>\n<li>la Cluse de Gou\u00admois,<\/li>\n<li>l\u2019oasis du Locle,<\/li>\n<li>le la\u00adbo\u00adra\u00adtoire sou\u00adter\u00adrain de Mi\u00adlandre,<\/li>\n<li>la Gla\u00adci\u00e8re de Mon\u00adl\u00e9\u00adsi,<\/li>\n<li>d\u00e9\u00adcou\u00adverte du mi\u00adlieu sou\u00adter\u00adrain \u00e0 M\u00f4\u00adtiers,<\/li>\n<li>entre glace et karst aux Ro\u00adchers de Naye,<\/li>\n<li>des ex\u00adcur\u00adsions dans d\u2019autres r\u00e9\u00adgions de la Suisse sont aus\u00adsi en\u00advi\u00adsa\u00adgeables (GR, SG, BE, BL, \u2026)<\/li>\n<\/ul>\n<\/div>\n<\/li>\n<li>\n<h3>Publications<\/h3>\n<div>\n<p><img loading=\"lazy\" decoding=\"async\" src=\"https:\/\/devw.isska.ch\/wp-content\/uploads\/2024\/11\/Livre_grottes_fr-252x300.jpg\" alt width=\"252\" height=\"300\" class=\"alignleft wp-image-2613 size-medium\" srcset=\"https:\/\/devw.isska.ch\/wp-content\/uploads\/2024\/11\/Livre_grottes_fr-252x300.jpg 252w, https:\/\/devw.isska.ch\/wp-content\/uploads\/2024\/11\/Livre_grottes_fr-10x12.jpg 10w, https:\/\/devw.isska.ch\/wp-content\/uploads\/2024\/11\/Livre_grottes_fr.jpg 378w\" sizes=\"auto, (max-width: 252px) 100vw, 252px\">L\u2019ISSKA pu\u00adblie dif\u00adf\u00e9\u00adrents ou\u00advrages et bro\u00adchures en lien avec le karst et la sp\u00e9\u00adl\u00e9o\u00adlo\u00adgie :<\/p>\n<h6>Consultez les brochures informatives de l\u2019ISSKA et la <a href=\"http:\/\/www.speleo.ch\">Soci\u00e9t\u00e9 Suisse de Sp\u00e9l\u00e9ologie<\/a><\/h6>\n<ul>\n<li><a href=\"https:\/\/devw.isska.ch\/pdf\/Fr\/Competences\/Dolines.pdf\" data-wplink-url-error=\"true\" target=\"_blank\" rel=\"noopener\">Les Do\u00adlines. Pro\u00adces\u00adsus de for\u00adma\u00adtion, fonc\u00adtions et conser\u00adva\u00adtion, conseils pra\u00adtiques<\/a><\/li>\n<li><a href=\"https:\/\/devw.isska.ch\/pdf\/brochure_eoliennes_f.pdf\" target=\"_blank\" rel=\"noopener\">Eo\u00adliennes en r\u00e9\u00adgion kars\u00adtiques<\/a><\/li>\n<li><a href=\"https:\/\/devw.isska.ch\/pdf\/SousNosPiedsLeKarst_f.pdf\" target=\"_blank\" rel=\"noopener\">Sous nos pieds \u2026 le karst<\/a><\/li>\n<li><a href=\"https:\/\/devw.isska.ch\/pdf\/SafeSpeleo_F.pdf\" target=\"_blank\" rel=\"noopener\">Safe Sp\u00e9\u00adl\u00e9o. Pra\u00adti\u00adquer la sp\u00e9\u00adl\u00e9o\u00adlo\u00adgie en s\u00e9\u00adcu\u00adri\u00adt\u00e9<\/a><\/li>\n<\/ul>\n<p>Vous pou\u00advez com\u00adman\u00adder des ver\u00adsions im\u00adpri\u00adm\u00e9es de nos bro\u00adchures, gra\u00adtui\u00adte\u00adment, <a href=\"mailto:info@isska.ch\">par e-mail<\/a>. Seule la bro\u00adchure \u00ab&nbsp;\u00e9o\u00adliennes&nbsp;\u00bb est ven\u00addue au prix de CHF 9.-.<\/p>\n<h6>Commandez nos guides d\u2019excursion sur le karst<\/h6>\n<ul>\n<li>Au fil du Doubs, guide d\u2019excursion des Bre\u00adnets \u00e0 Saint-Ur\u00adsanne<\/li>\n<li>Gorges du Tau\u00adben\u00adloch et cluse de Reu\u00adche\u00adnette<\/li>\n<li>Au fil de l\u2019Orbe, \u00e0 la d\u00e9\u00adcou\u00adverte d\u2019une ri\u00advi\u00e8re d\u2019exception<\/li>\n<li>La val\u00adl\u00e9e du Locle, guide pour com\u00adprendre le pay\u00adsage<\/li>\n<li>Gorges de l\u2019Areuse, guide d\u2019excursions hy\u00addro\u00adg\u00e9o\u00adlo\u00adgiques<\/li>\n<li>De l\u2019Areuse au Doubs, sur les traces de l\u2019eau de La Chaux-de-Fonds<\/li>\n<\/ul>\n<p>Nos guides sont ven\u00addus au prix de CHF 9.- (+ frais d\u2019envoi). Vous pou\u00advez les <a href=\"mailto:info@isska.ch\" target=\"_blank\" rel=\"noopener\">com\u00adman\u00adder par e-mail.<\/a><\/p>\n<h6>D\u00e9couvrez nos ouvrages sur le monde souterrain<\/h6>\n<p><a href=\"https:\/\/www.haupt.ch\/buecher\/natur-garten\/dans-les-grottes-de-suisse.html\" target=\"_blank\" rel=\"noopener\">Dans les grottes de Suisse. De l\u2019exploration \u00e0 la science<\/a><\/p>\n<p><a href=\"https:\/\/www.haupt.ch\/buecher\/natur-garten\/aux-sources-de-la-suisse.html?srsltid=AfmBOoouDwv7kBOMTQaWRaRSCDRnlK_C6bmeCPRlOL5o5ycShksKi1tV\" target=\"_blank\" rel=\"noopener\">Aux sources de la Suisse. A la d\u00e9\u00adcou\u00adverte de l\u2019or bleu hel\u00adv\u00e9\u00adtique<\/a><\/p>\n\n<ul><\/ul>\n<\/div>\n<\/li>\n<li>\n<h3>Vid\u00e9os didactiques<\/h3>\n<div>\n<p><img loading=\"lazy\" decoding=\"async\" src=\"https:\/\/devw.isska.ch\/wp-content\/uploads\/2024\/11\/Cestquoilekarst-300x169.png\" alt width=\"300\" height=\"169\" class=\"alignleft wp-image-2631 size-medium\" srcset=\"https:\/\/devw.isska.ch\/wp-content\/uploads\/2024\/11\/Cestquoilekarst-300x169.png 300w, https:\/\/devw.isska.ch\/wp-content\/uploads\/2024\/11\/Cestquoilekarst-1024x577.png 1024w, https:\/\/devw.isska.ch\/wp-content\/uploads\/2024\/11\/Cestquoilekarst-768x433.png 768w, https:\/\/devw.isska.ch\/wp-content\/uploads\/2024\/11\/Cestquoilekarst-18x10.png 18w, https:\/\/devw.isska.ch\/wp-content\/uploads\/2024\/11\/Cestquoilekarst.png 1253w\" sizes=\"auto, (max-width: 300px) 100vw, 300px\"><\/p>\n<p>Nos vi\u00add\u00e9os sont sur You\u00adTube :<\/p>\n<ul>\n<li><a href=\"https:\/\/youtu.be\/0KT9nFi-mKI\" target=\"_blank\" rel=\"noopener\">C\u2019est quoi le karst?<\/a><\/li>\n<li><a href=\"https:\/\/youtu.be\/h_190o_XGa8\" target=\"_blank\" rel=\"noopener\">Les eaux sou\u00adter\u00adraines<\/a><\/li>\n<li><a href=\"https:\/\/youtu.be\/uuE2PCYWbuY\" target=\"_blank\" rel=\"noopener\">Le monde des grottes<\/a><\/li>\n<li><a href=\"https:\/\/youtu.be\/QEvq7EIESCI\" target=\"_blank\" rel=\"noopener\">Les pay\u00adsages cal\u00adcaires<\/a><\/li>\n<\/ul>\n<\/div>\n<\/li>\n<li>\n<h3>Valise didactique<\/h3>\n<div>\n<p>&nbsp; <img loading=\"lazy\" decoding=\"async\" src=\"https:\/\/devw.isska.ch\/wp-content\/uploads\/2024\/05\/nouvelle_photo_MW_DSC_00330-300x281.jpg\" alt width=\"300\" height=\"281\" class=\"alignleft wp-image-2100 size-medium\" srcset=\"https:\/\/devw.isska.ch\/wp-content\/uploads\/2024\/05\/nouvelle_photo_MW_DSC_00330-300x281.jpg 300w, https:\/\/devw.isska.ch\/wp-content\/uploads\/2024\/05\/nouvelle_photo_MW_DSC_00330-1024x958.jpg 1024w, https:\/\/devw.isska.ch\/wp-content\/uploads\/2024\/05\/nouvelle_photo_MW_DSC_00330-768x719.jpg 768w, https:\/\/devw.isska.ch\/wp-content\/uploads\/2024\/05\/nouvelle_photo_MW_DSC_00330-1536x1437.jpg 1536w, https:\/\/devw.isska.ch\/wp-content\/uploads\/2024\/05\/nouvelle_photo_MW_DSC_00330-2048x1917.jpg 2048w, https:\/\/devw.isska.ch\/wp-content\/uploads\/2024\/05\/nouvelle_photo_MW_DSC_00330-13x12.jpg 13w\" sizes=\"auto, (max-width: 300px) 100vw, 300px\"><\/p>\n<p>L\u2019ISSKA a con\u00e7u une va\u00adlise di\u00addac\u00adtique ori\u00adgi\u00adnale <strong>\u00ab&nbsp;Eaux sou\u00adter\u00adraines, karst et grottes&nbsp;\u00bb<\/strong>, pr\u00eate \u00e0 l\u2019emploi, et des\u00adti\u00adn\u00e9e \u00e0 tous les ni\u00adveaux sco\u00adlaires \u00e0 par\u00adtir de la 5\u00e8me an\u00adn\u00e9e har\u00admos (8-9 ans). Le ma\u00adt\u00e9\u00adriel per\u00admet aux en\u00adsei\u00adgnants (m\u00eame ceux qui ne connaissent rien aux grottes et au do\u00admaine du karst) de faire d\u00e9\u00adcou\u00advrir de ma\u00adni\u00e8re lu\u00addique et ap\u00adpro\u00adfon\u00addie \u00e0 leurs \u00e9l\u00e8ves les eaux sou\u00adter\u00adraines, le karst et la sp\u00e9\u00adl\u00e9o\u00adlo\u00adgie, ain\u00adsi que les th\u00e8mes leur qui y sont re\u00adli\u00e9s.<\/p>\n<p>Les pr\u00e9\u00adsen\u00adta\u00adtions en for\u00admat Po\u00adwer\u00adpoint, les jeux et les ex\u00adp\u00e9\u00adriences conte\u00adnus dans la va\u00adlise peuvent fa\u00adci\u00adle\u00adment \u00eatre adap\u00adt\u00e9s au ni\u00adveau des \u00e9l\u00e8ves en fonc\u00adtion des en\u00advies et des m\u00e9\u00adthodes de l\u2019enseignant.<\/p>\n<p><\/p>\n<p><strong>Quelques th\u00e8mes d\u00e9\u00adve\u00adlop\u00adp\u00e9s<\/strong><\/p>\n<ul>\n<li>G\u00e9o\u00adlo\u00adgie (no\u00adtions)<\/li>\n<li>For\u00adma\u00adtion des grottes<\/li>\n<li>Faune ca\u00adver\u00adni\u00adcole<\/li>\n<li>Che\u00admi\u00adne\u00adment de l\u2019eau sous terre<\/li>\n<li>Pay\u00adsages cal\u00adcaires<\/li>\n<li>Concr\u00e9\u00adtions, cris\u00adtaux<\/li>\n<li>Ar\u00adch\u00e9o\u00adlo\u00adgie<\/li>\n<li>Pro\u00adtec\u00adtion du mi\u00adlieu sou\u00adter\u00adrain<\/li>\n<\/ul>\n<p>Prix de vente : CHF 1500.- + TVA et frais d\u2019envoi. <a href=\"mailto:info@isska.ch\">A com\u00adman\u00adder \u00e0 l\u2019ISSKA<\/a><\/p>\n<p><a href=\"http:\/\/isska.ch\/pdf\/Fr\/En\/Valise_web_f.pdf\" target=\"_blank\" rel=\"noopener\">T\u00e9\u00adl\u00e9\u00adchar\u00adger le do\u00adcu\u00adment de pr\u00e9\u00adsen\u00adta\u00adtion des va\u00adlises<\/a><\/p>\n\n<\/div>\n<\/li>\n<\/ul>\n<p><!--more--><br>\n<!-- {\"type\":\"layout\",\"children\":[{\"type\":\"section\",\"props\":{\"css\":\"@media (max-width:759px) {\\n  .el-section {\\n      height: 370px;\\n    }\\n}\\n@media (min-width:760px) {\\n    .el-section {\\n        height: 275px;\\n    }\\n}\\n@media (min-width:1200px) {\\n    .el-section {\\n        height: 340px;\\n    }\\n}\\n@media (min-width:1600px) {\\n    .el-section {\\n        height: 580px;\\n    }\\n}\\n@media (min-width:1600px) and (max-height:1100px) {\\n    .el-section {\\n        height: 460px;\\n    }\\n}\",\"image\":\"wp-content\\\/uploads\\\/2024\\\/01\\\/CreteVaas_2023_RW_5-scaled.jpg\",\"image_position\":\"center-center\",\"image_size\":\"cover\",\"padding\":\"large\",\"style\":\"default\",\"title_breakpoint\":\"xl\",\"title_position\":\"top-left\",\"title_rotation\":\"left\",\"vertical_align\":\"middle\",\"width\":\"default\"},\"children\":[{\"type\":\"row\",\"children\":[{\"type\":\"column\",\"props\":{\"image_position\":\"center-center\",\"position_sticky_breakpoint\":\"m\"},\"children\":[{\"type\":\"button\",\"props\":{\"css\":\".el-content {\\n    font-family: \\\"Century Gothic\\\", Verdana, sans-serif;\\n    }\\n@media (max-width:759px) {\\n  .el-content {\\n    margin: 10px 50px; \\n    width: 250px;\\n    position: relative;\\n    top: 180px;\\n  }\\n}\\n@media (min-width:760px) {\\n  .el-content {\\n    margin: 10px 6px; \\n    width: 217px;\\n    position: relative;\\n    top: 104px;\\n  }\\n}\\n@media (min-width:1200px) {\\n  .el-content {\\n    width: 260px;\\n    margin: 0px 40px;\\n    position: relative;\\n    top: 165px;\\n  }\\n}\\n@media (min-width:1600px) {\\n  .el-content {\\n    margin-top: 250px;\\n }\\n} \\n@media (min-width:1600px) and (max-height:1100px) {\\n  .el-content {\\n    margin-top: 130px;\\n }\\n} \",\"fullwidth\":false,\"grid_column_gap\":\"collapse\",\"grid_row_gap\":\"small\",\"margin\":\"default\",\"position_bottom\":\"-93\",\"position_z_index\":\"2\",\"text_align\":\"center\"},\"children\":[{\"type\":\"button_item\",\"props\":{\"button_style\":\"primary\",\"content\":\"Qui sommes nous\",\"icon_align\":\"left\",\"link\":\"https:\\\/\\\/devw.isska.ch\\\/qui-sommes-nous\"}},{\"type\":\"button_item\",\"props\":{\"button_style\":\"primary\",\"content\":\"Comp\\u00e9tences\",\"icon_align\":\"left\",\"link\":\"https:\\\/\\\/devw.isska.ch\\\/competences\\\/\"}},{\"type\":\"button_item\",\"props\":{\"button_style\":\"primary\",\"content\":\"Prestations\",\"icon_align\":\"left\",\"link\":\"https:\\\/\\\/devw.isska.ch\\\/prestations\\\/\"}}]}]}]}],\"name\":\"Header\"},{\"type\":\"section\",\"props\":{\"css\":\"@media (max-width: 759px) {\\n    .el-row {\\n        padding-top: 135px;\\n    }\\n}\\n@media (max-width: 759px) and (orientation:landscape) {\\n    .el-row {\\n        padding-top: 140px;\\n    }\\n}\\n.el-section {\\n    font-family: 'Century Gothic', Verdana, sans-serif;\\n}\",\"image_position\":\"center-center\",\"style\":\"default\",\"title_breakpoint\":\"xl\",\"title_position\":\"top-left\",\"title_rotation\":\"left\",\"vertical_align\":\"middle\",\"width\":\"default\"},\"children\":[{\"type\":\"row\",\"children\":[{\"type\":\"column\",\"props\":{\"image_position\":\"center-center\",\"position_sticky_breakpoint\":\"m\"},\"children\":[{\"type\":\"breadcrumbs\",\"props\":{\"show_current\":true,\"show_home\":true,\"visibility\":\"s\"},\"name\":\"Breadcrumbs\"},{\"type\":\"headline\",\"props\":{\"content\":\"Enseignement\",\"title_element\":\"h1\"},\"name\":\"Titre\"},{\"type\":\"accordion\",\"props\":{\"collapsible\":true,\"content_column_breakpoint\":\"m\",\"image_align\":\"top\",\"image_grid_breakpoint\":\"m\",\"image_grid_width\":\"1-2\",\"image_svg_color\":\"emphasis\",\"link_style\":\"default\",\"link_text\":\"Read more\",\"show_image\":true,\"show_link\":true},\"children\":[{\"type\":\"accordion_item\",\"props\":{\"content\":\"\n\n<p><img src=\\\"https:\\\/\\\/devw.isska.ch\\\/wp-content\\\/uploads\\\/2024\\\/03\\\/COMP_ENS_IMG_6237-300x225.jpg\\\" alt=\\\"\\\" width=\\\"300\\\" height=\\\"225\\\" class=\\\"size-medium wp-image-1283 alignleft\\\" \\\/><\\\/p>\\n\n\n<p>Les sp\\u00e9cialistes de l'ISSKA donnent des cours et conf\\u00e9rences \\u00e0 l'intention du public et des \\u00e9coles (introduction au karst et \\u00e0 la sp\\u00e9l\\u00e9ologie). D'autres cours, sur des th\\u00e8mes sp\\u00e9cifiques, sont donn\\u00e9s \\u00e0 des professionnels (bureaux et administrations) et au niveau universitaire.<\\\/p>\\n\n\n<p>L'Institut met \\u00e9galement \\u00e0 disposition du mat\\u00e9riel didactique (publications, vid\\u00e9os, valise) sur les th\\u00e8mes de l'eau, du karst et des grottes.<\\\/p>\\n\n\n<p><\\\/p>\",\"title\":\"Cours, conf\\u00e9rences et ateliers\"}},{\"type\":\"accordion_item\",\"props\":{\"content\":\"\n\n<p><img src=\\\"https:\\\/\\\/devw.isska.ch\\\/wp-content\\\/uploads\\\/2024\\\/03\\\/COMP_ENS_excursion_locle-300x200.jpg?ver=1717069532\\\" alt=\\\"\\\" width=\\\"300\\\" height=\\\"200\\\" class=\\\"alignleft wp-image-1282 size-medium\\\" \\\/><\\\/p>\\n\n\n<p>L'ISSKA organise des excursions th\\u00e9matiques expliquant l'\\u00e9volution du paysage, les \\u00e9coulements souterrains, la g\\u00e9ologie et les biotopes karstiques. Dans le cadre de ces excursions, la visite d'une grotte, objet sensible, est envisageable par petits groupes. Certaines excursions sont organis\\u00e9es r\\u00e9guli\\u00e8rement, d'autres ponctuellement. <\\\/p>\\n\n\n<p>A la demande, nous pouvons mettre sur pied des excursions selon vos envies. N'h\\u00e9sitez pas \\u00e0 <a href=\\\"mailto:info@isska.ch\\\">nous contacter<\\\/a>!<\\\/p>\\n\n\n<p>Quelques exemples d'excursions :<\\\/p>\\n\n\n<ul>\\n\n\n<li>Les eaux souterraines de La Chaux-de-Fonds,<\\\/li>\\n\n\n<li>les paysages karstiques du Jura vaudois,<\\\/li>\\n\n\n<li>les Gorges de l'Areuses,<\\\/li>\\n\n\n<li>la Cluse de Goumois,<\\\/li>\\n\n\n<li>l'oasis du Locle,<\\\/li>\\n\n\n<li>le laboratoire souterrain de Milandre,<\\\/li>\\n\n\n<li>la Glaci\\u00e8re de Monl\\u00e9si,<\\\/li>\\n\n\n<li>d\\u00e9couverte du milieu souterrain \\u00e0 M\\u00f4tiers,<\\\/li>\\n\n\n<li>entre glace et karst aux Rochers de Naye,<\\\/li>\\n\n\n<li>des excursions dans d'autres r\\u00e9gions de la Suisse sont aussi envisageables (GR, SG, BE, BL, ...)<\\\/li>\\n<\\\/ul>\",\"image\":\"\",\"image_focal_point\":\"bottom-center\",\"title\":\"Excursions\"}},{\"type\":\"accordion_item\",\"props\":{\"content\":\"\n\n<p><img src=\\\"https:\\\/\\\/devw.isska.ch\\\/wp-content\\\/uploads\\\/2024\\\/11\\\/Livre_grottes_fr-252x300.jpg\\\" alt=\\\"\\\" width=\\\"252\\\" height=\\\"300\\\" class=\\\"alignleft wp-image-2613 size-medium\\\" \\\/>L'ISSKA publie diff\\u00e9rents ouvrages et brochures en lien avec le karst et la sp\\u00e9l\\u00e9ologie :<\\\/p>\\n\n\n<h6>Consultez les brochures informatives de l'ISSKA et la <a href=\\\"http:\\\/\\\/www.speleo.ch\\\">Soci\\u00e9t\\u00e9 Suisse de Sp\\u00e9l\\u00e9ologie<\\\/a><\\\/h6>\\n\n\n<ul>\\n\n\n<li><a href=\\\"https:\\\/\\\/devw.isska.ch\\\/pdf\\\/Fr\\\/Competences\\\/Dolines.pdf\\\" data-wplink-url-error=\\\"true\\\" target=\\\"_blank\\\" rel=\\\"noopener\\\">Les Dolines. Processus de formation, fonctions et conservation, conseils pratiques<\\\/a><\\\/li>\\n\n\n<li><a href=\\\"https:\\\/\\\/devw.isska.ch\\\/pdf\\\/brochure_eoliennes_f.pdf\\\" target=\\\"_blank\\\" rel=\\\"noopener\\\">Eoliennes en r\\u00e9gion karstiques<\\\/a><\\\/li>\\n\n\n<li><a href=\\\"https:\\\/\\\/devw.isska.ch\\\/pdf\\\/SousNosPiedsLeKarst_f.pdf\\\" target=\\\"_blank\\\" rel=\\\"noopener\\\">Sous nos pieds ... le karst<\\\/a><\\\/li>\\n\n\n<li><a href=\\\"https:\\\/\\\/devw.isska.ch\\\/pdf\\\/SafeSpeleo_F.pdf\\\" target=\\\"_blank\\\" rel=\\\"noopener\\\">Safe Sp\\u00e9l\\u00e9o. Pratiquer la sp\\u00e9l\\u00e9ologie en s\\u00e9curit\\u00e9<\\\/a><\\\/li>\\n<\\\/ul>\\n\n\n<p>Vous pouvez commander des versions imprim\\u00e9es de nos brochures, gratuitement, <a href=\\\"mailto:info@isska.ch\\\">par e-mail<\\\/a>. Seule la brochure \\\"\\u00e9oliennes\\\" est vendue au prix de CHF 9.-.<\\\/p>\\n\n\n<h6>Commandez nos guides d'excursion sur le karst<\\\/h6>\\n\n\n<ul>\\n\n\n<li>Au fil du Doubs, guide d'excursion des Brenets \\u00e0 Saint-Ursanne<\\\/li>\\n\n\n<li>Gorges du Taubenloch et cluse de Reuchenette<\\\/li>\\n\n\n<li>Au fil de l'Orbe, \\u00e0 la d\\u00e9couverte d'une rivi\\u00e8re d'exception<\\\/li>\\n\n\n<li>La vall\\u00e9e du Locle, guide pour comprendre le paysage<\\\/li>\\n\n\n<li>Gorges de l'Areuse, guide d\\u2019excursions hydrog\\u00e9ologiques<\\\/li>\\n\n\n<li>De l'Areuse au Doubs, sur les traces de l'eau de La Chaux-de-Fonds<\\\/li>\\n<\\\/ul>\\n\n\n<p>Nos guides sont vendus au prix de CHF 9.- (+ frais d'envoi). Vous pouvez les <a href=\\\"mailto:info@isska.ch\\\" target=\\\"_blank\\\" rel=\\\"noopener\\\">commander par e-mail.<\\\/a><\\\/p>\\n\n\n<h6>D\\u00e9couvrez nos ouvrages sur le monde souterrain<\\\/h6>\\n\n\n<p><a href=\\\"https:\\\/\\\/www.haupt.ch\\\/buecher\\\/natur-garten\\\/dans-les-grottes-de-suisse.html\\\" target=\\\"_blank\\\" rel=\\\"noopener\\\">Dans les grottes de Suisse. De l'exploration \\u00e0 la science<\\\/a><\\\/p>\\n\n\n<p><a href=\\\"https:\\\/\\\/www.haupt.ch\\\/buecher\\\/natur-garten\\\/aux-sources-de-la-suisse.html?srsltid=AfmBOoouDwv7kBOMTQaWRaRSCDRnlK_C6bmeCPRlOL5o5ycShksKi1tV\\\" target=\\\"_blank\\\" rel=\\\"noopener\\\">Aux sources de la Suisse. A la d\\u00e9couverte de l'or bleu helv\\u00e9tique<\\\/a><\\\/p>\\n\n\n<p><\\\/p>\\n\n\n<ul><\\\/ul>\",\"title\":\"Publications\"}},{\"type\":\"accordion_item\",\"props\":{\"content\":\"\n\n<p><img src=\\\"https:\\\/\\\/devw.isska.ch\\\/wp-content\\\/uploads\\\/2024\\\/11\\\/Cestquoilekarst-300x169.png\\\" alt=\\\"\\\" width=\\\"300\\\" height=\\\"169\\\" class=\\\"alignleft wp-image-2631 size-medium\\\" \\\/><\\\/p>\\n\n\n<p>Nos vid\\u00e9os sont sur YouTube :<\\\/p>\\n\n\n<ul>\\n\n\n<li><a href=\\\"https:\\\/\\\/youtu.be\\\/0KT9nFi-mKI\\\" target=\\\"_blank\\\" rel=\\\"noopener\\\">C'est quoi le karst?<\\\/a><\\\/li>\\n\n\n<li><a href=\\\"https:\\\/\\\/youtu.be\\\/h_190o_XGa8\\\" target=\\\"_blank\\\" rel=\\\"noopener\\\">Les eaux souterraines<\\\/a><\\\/li>\\n\n\n<li><a href=\\\"https:\\\/\\\/youtu.be\\\/uuE2PCYWbuY\\\" target=\\\"_blank\\\" rel=\\\"noopener\\\">Le monde des grottes<\\\/a><\\\/li>\\n\n\n<li><a href=\\\"https:\\\/\\\/youtu.be\\\/QEvq7EIESCI\\\" target=\\\"_blank\\\" rel=\\\"noopener\\\">Les paysages calcaires<\\\/a><\\\/li>\\n<\\\/ul>\",\"title\":\"Vid\\u00e9os didactiques\"}},{\"type\":\"accordion_item\",\"props\":{\"content\":\"\n\n<p>\\u00a0 <img src=\\\"https:\\\/\\\/devw.isska.ch\\\/wp-content\\\/uploads\\\/2024\\\/05\\\/nouvelle_photo_MW_DSC_00330-300x281.jpg\\\" alt=\\\"\\\" width=\\\"300\\\" height=\\\"281\\\" class=\\\"alignleft wp-image-2100 size-medium\\\" \\\/><\\\/p>\\n\n\n<p>L'ISSKA a con\\u00e7u une valise didactique originale <strong>\\\"Eaux souterraines, karst et grottes\\\"<\\\/strong>, pr\\u00eate \\u00e0 l'emploi, et destin\\u00e9e \\u00e0 tous les niveaux scolaires \\u00e0 partir de la 5\\u00e8me ann\\u00e9e harmos (8-9 ans). Le mat\\u00e9riel permet aux enseignants (m\\u00eame ceux qui ne connaissent rien aux grottes et au domaine du karst) de faire d\\u00e9couvrir de mani\\u00e8re ludique et approfondie \\u00e0 leurs \\u00e9l\\u00e8ves les eaux souterraines, le karst et la sp\\u00e9l\\u00e9ologie, ainsi que les th\\u00e8mes leur qui y sont reli\\u00e9s.<\\\/p>\\n\n\n<p>Les pr\\u00e9sentations en format Powerpoint, les jeux et les exp\\u00e9riences contenus dans la valise peuvent facilement \\u00eatre adapt\\u00e9s au niveau des \\u00e9l\\u00e8ves en fonction des envies et des m\\u00e9thodes de l'enseignant.<\\\/p>\\n<br \/>\\n\n\n<p><strong>Quelques th\\u00e8mes d\\u00e9velopp\\u00e9s<\\\/strong><\\\/p>\\n\n\n<ul>\\n\n\n<li>G\\u00e9ologie (notions)<\\\/li>\\n\n\n<li>Formation des grottes<\\\/li>\\n\n\n<li>Faune cavernicole<\\\/li>\\n\n\n<li>Cheminement de l'eau sous terre<\\\/li>\\n\n\n<li>Paysages calcaires<\\\/li>\\n\n\n<li>Concr\\u00e9tions, cristaux<\\\/li>\\n\n\n<li>Arch\\u00e9ologie<\\\/li>\\n\n\n<li>Protection du milieu souterrain<\\\/li>\\n<\\\/ul>\\n\n\n<p>Prix de vente : CHF 1500.- + TVA et frais d'envoi. <a href=\\\"mailto:info@isska.ch\\\">A commander \\u00e0 l'ISSKA<\\\/a><\\\/p>\\n\n\n<p><a href=\\\"http:\\\/\\\/isska.ch\\\/pdf\\\/Fr\\\/En\\\/Valise_web_f.pdf\\\" target=\\\"_blank\\\" rel=\\\"noopener\\\">T\\u00e9l\\u00e9charger le document de pr\\u00e9sentation des valises<\\\/a><\\\/p>\\n\n\n<p><\\\/p>\",\"title\":\"Valise didactique\"}}]}]}]}],\"name\":\"Breadcrumbs_Title_Text_Sub\"}],\"version\":\"4.3.5\"} --><\/p>\n","protected":false},"excerpt":{"rendered":"<p>Qui sommes nous Com\u00adp\u00e9\u00adtences Pres\u00adta\u00adtions En\u00adsei\u00adgne\u00adment Cours, conf\u00e9\u00adrences et ate\u00adliers Les sp\u00e9\u00adcia\u00adlistes de l\u2019ISSKA donnent des cours et conf\u00e9\u00adrences \u00e0 l\u2019intention du pu\u00adblic et des \u00e9coles (in\u00adtro\u00adduc\u00adtion au karst et \u00e0 la sp\u00e9\u00adl\u00e9o\u00adlo\u00adgie). D\u2019autres cours, sur des th\u00e8mes sp\u00e9\u00adci\u00adfiques, sont don\u00adn\u00e9s \u00e0 des pro\u00adfes\u00adsion\u00adnels (bu\u00adreaux et ad\u00admi\u00adnis\u00adtra\u00adtions) et au ni\u00adveau uni\u00adver\u00adsi\u00adtaire. L\u2019Institut met \u00e9ga\u00adle\u00adment \u00e0 [\u2026]<\/p>\n","protected":false},"author":1,"featured_media":0,"parent":186,"menu_order":1,"comment_status":"closed","ping_status":"closed","template":"","meta":{"wp_typography_post_enhancements_disabled":false,"footnotes":""},"categories":[],"tags":[],"class_list":["post-2301","page","type-page","status-publish","hentry"],"_links":{"self":[{"href":"https:\/\/devw.isska.ch\/fr\/wp-json\/wp\/v2\/pages\/2301","targetHints":{"allow":["GET"]}}],"collection":[{"href":"https:\/\/devw.isska.ch\/fr\/wp-json\/wp\/v2\/pages"}],"about":[{"href":"https:\/\/devw.isska.ch\/fr\/wp-json\/wp\/v2\/types\/page"}],"author":[{"embeddable":true,"href":"https:\/\/devw.isska.ch\/fr\/wp-json\/wp\/v2\/users\/1"}],"replies":[{"embeddable":true,"href":"https:\/\/devw.isska.ch\/fr\/wp-json\/wp\/v2\/comments?post=2301"}],"version-history":[{"count":63,"href":"https:\/\/devw.isska.ch\/fr\/wp-json\/wp\/v2\/pages\/2301\/revisions"}],"predecessor-version":[{"id":2984,"href":"https:\/\/devw.isska.ch\/fr\/wp-json\/wp\/v2\/pages\/2301\/revisions\/2984"}],"up":[{"embeddable":true,"href":"https:\/\/devw.isska.ch\/fr\/wp-json\/wp\/v2\/pages\/186"}],"wp:attachment":[{"href":"https:\/\/devw.isska.ch\/fr\/wp-json\/wp\/v2\/media?parent=2301"}],"wp:term":[{"taxonomy":"category","embeddable":true,"href":"https:\/\/devw.isska.ch\/fr\/wp-json\/wp\/v2\/categories?post=2301"},{"taxonomy":"post_tag","embeddable":true,"href":"https:\/\/devw.isska.ch\/fr\/wp-json\/wp\/v2\/tags?post=2301"}],"curies":[{"name":"wp","href":"https:\/\/api.w.org\/{rel}","templated":true}]}}